{"id":56,"date":"2021-11-29T10:44:45","date_gmt":"2021-11-29T09:44:45","guid":{"rendered":"https:\/\/www.rechtshilfebuero.de\/wp-page\/?page_id=56"},"modified":"2024-09-17T18:01:49","modified_gmt":"2024-09-17T16:01:49","slug":"spenden","status":"publish","type":"page","link":"https:\/\/www.rechtshilfebuero.de\/wp-page\/spenden\/","title":{"rendered":"Spenden"},"content":{"rendered":"\n<div class=\"bgfixed\">\n<div style=\"cursor: url(https:\/\/www.rechtshilfebuero.de\/wp-files\/cursor.ico), move\">\n\n\n\n<figure class=\"wp-block-table\"><table><tbody><tr><td>Wir sind auf Spenden angewiesen! <br><br>Wir versuchen, unsere Fixkosten \u00fcber Beratervertr\u00e4ge zu decken. Wir sto\u00dfen dabei aber an Grenzen. Viele Gruppen haben schlicht nicht das Geld, uns kostendeckend zu bezahlen. Wir m\u00f6chten sie trotzdem nicht im Stich lassen. Genauso wenig die Aktivist_innen, die an kleinen, aber feinen Aktionen beteiligt waren und dabei nicht auf Unterst\u00fctzung und Finanzen gro\u00dfer Gruppen zur\u00fcck greifen k\u00f6nnen. F\u00fcr diese F\u00e4lle brauchen wir ebenso eine R\u00fccklage, wie f\u00fcr die ganz \u00fcblichen Probleme des juristischen Arbeitsalltags: Ausfall von Technik (gerade war zum Beispiel das 10 Jahre alte Telefon kaputt), Erneuerung veralteter Kommentarliteratur, Fortbildung, etc. Derzeit k\u00f6nnen wir das Rechtshilfeb\u00fcro gerade so eben am Laufen halten, m\u00fcssen uns aber Monat f\u00fcr Monat Gedanken machen, ob es auch in Zukunft noch reicht. Das kann nat\u00fcrlich keine sichere Grundlage f\u00fcr eine lange Existenz sein. Deshalb bitten wir Dich um eine Spende, die es uns erm\u00f6glicht, uns mit einer R\u00fccklage gegen die oben genannten F\u00e4lle abzusichern und auch Menschen juristisch zu unterst\u00fctzen, die kein Geld haben.<\/td><\/tr><\/tbody><\/table><\/figure>\n\n\n\n<p><a href=\"https:\/\/www.rechtshilfebuero.de\/wp_php_rhb-1direkt\/\" target=\"_blank\" rel=\"noreferrer noopener\">online Spende f\u00fcr Rechtshilfeb\u00fcro<\/a><\/p>\n\n\n\n<p><a href=\"https:\/\/www.rechtshilfebuero.de\/wp_php_rhb-2aktion\/\" target=\"_blank\" rel=\"noreferrer noopener\">online Spende f\u00fcr Aktionskonto<\/a><\/p>\n\n\n\n<figure class=\"wp-block-table\"><table><tbody><tr><td><a href=\"https:\/\/www.rechtshilfebuero.de\/pages\/Flyer-Rechtshilfe.pdf\" target=\"_blank\" rel=\"noreferrer noopener\"><\/a> &nbsp;<\/td><td>GLS Gemeinschaftsbank eG <br><strong>PROJEKT<\/strong> <strong>:<\/strong>&nbsp;&nbsp;&nbsp;&nbsp;<strong>RECHTSHILFEB\u00dcRO<\/strong> <br><strong>Bankleitzahl<\/strong> <strong>:<\/strong>&nbsp;&nbsp;&nbsp;&nbsp;43060967 <br><strong>Konto<\/strong> <strong>:<\/strong>&nbsp;&nbsp;&nbsp;&nbsp;2039871400 <br><strong>IBAN<\/strong> <strong>:<\/strong>&nbsp;&nbsp;&nbsp;&nbsp;DE02430609672039871400 <br><strong>BIC<\/strong> <strong>:<\/strong>&nbsp;&nbsp;&nbsp;&nbsp;GENODEM1GLS  &nbsp; <br><br><strong>PROJEKT<\/strong> <strong>:<\/strong>&nbsp;&nbsp;&nbsp;&nbsp;<strong>Aktionskonto<\/strong> <br><strong>Bankleitzahl<\/strong> <strong>:<\/strong>&nbsp;&nbsp;&nbsp;&nbsp;43060967 <br><strong>Konto<\/strong> <strong>:<\/strong>&nbsp;&nbsp;&nbsp;&nbsp;2039871401 <br><strong>IBAN<\/strong> <strong>:<\/strong>&nbsp;&nbsp;&nbsp;&nbsp;DE72430609672039871401 <br><strong>BIC<\/strong> <strong>:<\/strong>&nbsp;&nbsp;&nbsp;&nbsp;GENODEM1GLS  &nbsp;<\/td><\/tr><\/tbody><\/table><\/figure>\n","protected":false},"excerpt":{"rendered":"<p>Wir sind auf Spenden angewiesen! Wir versuchen, unsere Fixkosten \u00fcber Beratervertr\u00e4ge zu decken. Wir sto\u00dfen dabei aber an Grenzen. Viele Gruppen haben schlicht nicht das Geld, uns kostendeckend zu bezahlen. Wir m\u00f6chten sie trotzdem nicht im Stich lassen. Genauso wenig die Aktivist_innen, die an kleinen, aber feinen Aktionen beteiligt waren und dabei nicht auf Unterst\u00fctzung &hellip; <\/p>\n<p class=\"link-more\"><a href=\"https:\/\/www.rechtshilfebuero.de\/wp-page\/spenden\/\" class=\"more-link\"><span class=\"screen-reader-text\">\u201eSpenden\u201c <\/span>weiterlesen<\/a><\/p>\n","protected":false},"author":1,"featured_media":0,"parent":0,"menu_order":0,"comment_status":"closed","ping_status":"closed","template":"","meta":{"footnotes":""},"class_list":["post-56","page","type-page","status-publish","hentry"],"_links":{"self":[{"href":"https:\/\/www.rechtshilfebuero.de\/wp-page\/wp-json\/wp\/v2\/pages\/56","targetHints":{"allow":["GET"]}}],"collection":[{"href":"https:\/\/www.rechtshilfebuero.de\/wp-page\/wp-json\/wp\/v2\/pages"}],"about":[{"href":"https:\/\/www.rechtshilfebuero.de\/wp-page\/wp-json\/wp\/v2\/types\/page"}],"author":[{"embeddable":true,"href":"https:\/\/www.rechtshilfebuero.de\/wp-page\/wp-json\/wp\/v2\/users\/1"}],"replies":[{"embeddable":true,"href":"https:\/\/www.rechtshilfebuero.de\/wp-page\/wp-json\/wp\/v2\/comments?post=56"}],"version-history":[{"count":9,"href":"https:\/\/www.rechtshilfebuero.de\/wp-page\/wp-json\/wp\/v2\/pages\/56\/revisions"}],"predecessor-version":[{"id":467,"href":"https:\/\/www.rechtshilfebuero.de\/wp-page\/wp-json\/wp\/v2\/pages\/56\/revisions\/467"}],"wp:attachment":[{"href":"https:\/\/www.rechtshilfebuero.de\/wp-page\/wp-json\/wp\/v2\/media?parent=56"}],"curies":[{"name":"wp","href":"https:\/\/api.w.org\/{rel}","templated":true}]}}