{"id":54,"date":"2021-11-29T10:39:11","date_gmt":"2021-11-29T09:39:11","guid":{"rendered":"https:\/\/www.rechtshilfebuero.de\/wp-page\/?page_id=54"},"modified":"2024-02-26T23:24:12","modified_gmt":"2024-02-26T22:24:12","slug":"downloads","status":"publish","type":"page","link":"https:\/\/www.rechtshilfebuero.de\/wp-page\/downloads\/","title":{"rendered":"Downloads"},"content":{"rendered":"\n<div class=\"bgfixed\">\n<div style=\"cursor: url(https:\/\/www.rechtshilfebuero.de\/wp-files\/cursor.ico), move\">\n\n\n<p><span style=\"color: #009900; font-family: Arial, Helvetica, sans-serif; font-size: large;\">Hinter den Texten und Formularen steckt eine Menge Arbeit. Bitte \u00fcberlegt, ob ihr diese Arbeit mit einer <a href=\"https:\/\/www.rechtshilfebuero.de\/wp-page\/spenden\/\">Spende<\/a> unterst\u00fctzen k\u00f6nnt.<\/span><\/p>\n<table width=\"717\" cellspacing=\"0\" cellpadding=\"0\" border=\"0\">\n<tbody>\n<tr>\n<td width=\"32\"><img loading=\"lazy\" decoding=\"async\" class=\"alignnone size-full wp-image-260\" src=\"https:\/\/www.rechtshilfebuero.de\/wp-page\/wp-content\/uploads\/2022\/06\/pdf-icon.png\" alt=\"\" width=\"42\" height=\"38\"><\/td>\n<td width=\"17\"><\/td>\n<td width=\"396\"><span style=\"color: #000066; font-family: Arial, Helvetica, sans-serif; font-size: large;\"><a href=\"https:\/\/www.rechtshilfebuero.de\/wp-page\/wp-content\/uploads\/2022\/06\/Antrag-auf-Beratungshilfe.pdf\" target=\"_blank\" rel=\"noopener\">Antrag-auf-Beratungshilfe<\/a>.pdf<\/span><\/td>\n<td width=\"19\"><\/td>\n<td width=\"253\"><\/td>\n<\/tr>\n<tr>\n<td width=\"32\"><\/td>\n<td width=\"17\"><\/td>\n<td width=\"396\"><\/td>\n<td width=\"19\"><\/td>\n<td width=\"253\"><\/td>\n<\/tr>\n<tr>\n<td width=\"32\"><img loading=\"lazy\" decoding=\"async\" class=\"alignnone size-full wp-image-260\" src=\"https:\/\/www.rechtshilfebuero.de\/wp-page\/wp-content\/uploads\/2022\/06\/pdf-icon.png\" alt=\"\" width=\"42\" height=\"38\"><\/td>\n<td width=\"17\"><\/td>\n<td width=\"396\"><span style=\"color: #000066; font-family: Arial, Helvetica, sans-serif; font-size: large;\"><a href=\"https:\/\/www.rechtshilfebuero.de\/wp-page\/wp-content\/uploads\/2022\/06\/Antrag-Rechtsbeistand.pdf\" target=\"_blank\" rel=\"noopener\">Antrag-Rechtsbeistand<\/a>.pdf<\/span><\/td>\n<td width=\"19\"><\/td>\n<td width=\"253\"><\/td>\n<\/tr>\n<tr>\n<td width=\"32\"><\/td>\n<td width=\"17\"><\/td>\n<td width=\"396\"><\/td>\n<td width=\"19\"><\/td>\n<td width=\"253\"><\/td>\n<\/tr>\n<tr>\n<td width=\"32\"><img loading=\"lazy\" decoding=\"async\" class=\"alignnone size-full wp-image-260\" src=\"https:\/\/www.rechtshilfebuero.de\/wp-page\/wp-content\/uploads\/2022\/06\/pdf-icon.png\" alt=\"\" width=\"42\" height=\"38\"><\/td>\n<td width=\"17\"><\/td>\n<td width=\"396\"><span style=\"color: #000066; font-family: Arial, Helvetica, sans-serif; font-size: large;\"><a href=\"https:\/\/www.rechtshilfebuero.de\/wp-page\/wp-content\/uploads\/2022\/06\/Blockadefibel.pdf\" target=\"_blank\" rel=\"noopener\">Blockadefibel<\/a>.pdf<\/span><\/td>\n<td width=\"19\"><\/td>\n<td width=\"253\"><\/td>\n<\/tr>\n<tr>\n<td width=\"32\"><\/td>\n<td width=\"17\"><\/td>\n<td width=\"396\"><\/td>\n<td width=\"19\"><\/td>\n<td width=\"253\"><\/td>\n<\/tr>\n<tr>\n<td width=\"32\"><img loading=\"lazy\" decoding=\"async\" class=\"alignnone size-full wp-image-260\" src=\"https:\/\/www.rechtshilfebuero.de\/wp-page\/wp-content\/uploads\/2022\/06\/pdf-icon.png\" alt=\"\" width=\"42\" height=\"38\"><\/td>\n<td width=\"17\"><\/td>\n<td width=\"396\"><span style=\"color: #000066; font-family: Arial, Helvetica, sans-serif; font-size: large;\"><a href=\"https:\/\/www.rechtshilfebuero.de\/wp-page\/wp-content\/uploads\/2022\/06\/Einspruch-Bussgeld.pdf\" target=\"_blank\" rel=\"noopener\">Einspruch-Bussgeld<\/a>.pdf<\/span><\/td>\n<td width=\"19\"><\/td>\n<td width=\"253\"><\/td>\n<\/tr>\n<tr>\n<td width=\"32\"><\/td>\n<td width=\"17\"><\/td>\n<td width=\"396\"><\/td>\n<td width=\"19\"><\/td>\n<td width=\"253\"><\/td>\n<\/tr>\n<tr>\n<td width=\"32\"><img loading=\"lazy\" decoding=\"async\" class=\"alignnone size-full wp-image-260\" src=\"https:\/\/www.rechtshilfebuero.de\/wp-page\/wp-content\/uploads\/2022\/06\/pdf-icon.png\" alt=\"\" width=\"42\" height=\"38\"><\/td>\n<td width=\"17\"><\/td>\n<td width=\"396\"><span style=\"color: #000066; font-family: Arial, Helvetica, sans-serif; font-size: large;\"><a href=\"https:\/\/www.rechtshilfebuero.de\/wp-page\/wp-content\/uploads\/2022\/06\/Einspruch-Strafbefehl.pdf\" target=\"_blank\" rel=\"noopener\">Einspruch-Strafbefehl<\/a>.pdf<\/span><\/td>\n<td width=\"19\"><\/td>\n<td width=\"253\"><\/td>\n<\/tr>\n<tr>\n<td width=\"32\"><\/td>\n<td width=\"17\"><\/td>\n<td width=\"396\"><\/td>\n<td width=\"19\"><\/td>\n<td width=\"253\"><\/td>\n<\/tr>\n<tr>\n<td width=\"32\"><img loading=\"lazy\" decoding=\"async\" class=\"alignnone size-full wp-image-260\" src=\"https:\/\/www.rechtshilfebuero.de\/wp-page\/wp-content\/uploads\/2022\/06\/pdf-icon.png\" alt=\"\" width=\"42\" height=\"38\"><\/td>\n<td width=\"17\"><\/td>\n<td width=\"396\"><span style=\"color: #000066; font-family: Arial, Helvetica, sans-serif; font-size: large;\"><a href=\"https:\/\/www.rechtshilfebuero.de\/wp-page\/wp-content\/uploads\/2022\/06\/Erziehungsvollmacht.pdf\" target=\"_blank\" rel=\"noopener\">Erziehungsvollmacht<\/a>.pdf<\/span><\/td>\n<td width=\"19\"><\/td>\n<td width=\"253\"><\/td>\n<\/tr>\n<tr>\n<td width=\"32\"><\/td>\n<td width=\"17\"><\/td>\n<td width=\"396\"><\/td>\n<td width=\"19\"><\/td>\n<td width=\"253\"><\/td>\n<\/tr>\n<tr>\n<td width=\"32\"><img loading=\"lazy\" decoding=\"async\" class=\"alignnone size-full wp-image-260\" src=\"https:\/\/www.rechtshilfebuero.de\/wp-page\/wp-content\/uploads\/2022\/06\/pdf-icon.png\" alt=\"\" width=\"42\" height=\"38\"><\/td>\n<td width=\"17\"><\/td>\n<td width=\"396\"><span style=\"color: #000066; font-family: Arial, Helvetica, sans-serif; font-size: large;\"><a href=\"https:\/\/www.rechtshilfebuero.de\/wp-page\/wp-content\/uploads\/2022\/06\/Handout-Prozesstraining.pdf\" target=\"_blank\" rel=\"noopener\">Handout-Prozesstraining<\/a>.pdf<\/span><\/td>\n<td width=\"19\"><\/td>\n<td width=\"253\"><\/td>\n<\/tr>\n<tr>\n<td width=\"32\"><\/td>\n<td width=\"17\"><\/td>\n<td width=\"396\"><\/td>\n<td width=\"19\"><\/td>\n<td width=\"253\"><\/td>\n<\/tr>\n<tr>\n<td width=\"32\"><img loading=\"lazy\" decoding=\"async\" class=\"alignnone size-full wp-image-260\" src=\"https:\/\/www.rechtshilfebuero.de\/wp-page\/wp-content\/uploads\/2022\/06\/pdf-icon.png\" alt=\"\" width=\"42\" height=\"38\"><\/td>\n<td width=\"17\"><\/td>\n<td width=\"396\"><span style=\"color: #000066; font-family: Arial, Helvetica, sans-serif; font-size: large;\"><a href=\"https:\/\/www.rechtshilfebuero.de\/wp-page\/wp-content\/uploads\/2024\/02\/JAGA-Versammlungsanmeldung.pdf\" target=\"_blank\" rel=\"noopener\">JAGA-Versammlungsanmeldung<\/a>.pdf<\/span><\/td>\n<td width=\"19\"><\/td>\n<td width=\"253\"><\/td>\n<\/tr>\n<tr>\n<td width=\"32\"><\/td>\n<td width=\"17\"><\/td>\n<td width=\"396\"><\/td>\n<td width=\"19\"><\/td>\n<td width=\"253\"><\/td>\n<\/tr>\n<tr>\n<td width=\"32\"><img loading=\"lazy\" decoding=\"async\" class=\"alignnone size-full wp-image-260\" src=\"https:\/\/www.rechtshilfebuero.de\/wp-page\/wp-content\/uploads\/2022\/06\/pdf-icon.png\" alt=\"\" width=\"42\" height=\"38\"><\/td>\n<td width=\"17\"><\/td>\n<td width=\"396\"><span style=\"color: #000066; font-family: Arial, Helvetica, sans-serif; font-size: large;\"><a href=\"https:\/\/www.rechtshilfebuero.de\/wp-page\/wp-content\/uploads\/2022\/06\/Loeschung_ED-Behandlung_Musterbrief.pdf\" target=\"_blank\" rel=\"noopener\">Loeschung_ED-Behandlung_Musterbrief<\/a>.pdf<\/span><\/td>\n<td width=\"19\"><\/td>\n<td width=\"253\"><\/td>\n<\/tr>\n<tr>\n<td width=\"32\"><\/td>\n<td width=\"17\"><\/td>\n<td width=\"396\"><\/td>\n<td width=\"19\"><\/td>\n<td width=\"253\"><\/td>\n<\/tr>\n<tr>\n<td width=\"32\"><img loading=\"lazy\" decoding=\"async\" class=\"alignnone size-full wp-image-260\" src=\"https:\/\/www.rechtshilfebuero.de\/wp-page\/wp-content\/uploads\/2022\/06\/pdf-icon.png\" alt=\"\" width=\"42\" height=\"38\"><\/td>\n<td width=\"17\"><\/td>\n<td width=\"396\"><span style=\"color: #000066; font-family: Arial, Helvetica, sans-serif; font-size: large;\"><a href=\"https:\/\/www.rechtshilfebuero.de\/wp-page\/wp-content\/uploads\/2022\/06\/Musterblatt-Akteneinsicht.pdf\" target=\"_blank\" rel=\"noopener\">Musterblatt-Akteneinsicht<\/a>.pdf<\/span><\/td>\n<td width=\"19\"><\/td>\n<td width=\"253\"><\/td>\n<\/tr>\n<tr>\n<td width=\"32\"><\/td>\n<td width=\"17\"><\/td>\n<td width=\"396\"><\/td>\n<td width=\"19\"><\/td>\n<td width=\"253\"><\/td>\n<\/tr>\n<tr>\n<td width=\"32\"><img loading=\"lazy\" decoding=\"async\" class=\"alignnone size-full wp-image-260\" src=\"https:\/\/www.rechtshilfebuero.de\/wp-page\/wp-content\/uploads\/2022\/06\/pdf-icon.png\" alt=\"\" width=\"42\" height=\"38\"><\/td>\n<td width=\"17\"><\/td>\n<td width=\"396\"><span style=\"color: #000066; font-family: Arial, Helvetica, sans-serif; font-size: large;\"><a href=\"https:\/\/www.rechtshilfebuero.de\/wp-page\/wp-content\/uploads\/2022\/06\/Musterblatt-Einlegen_von_Rechtsmitteln.pdf\" target=\"_blank\" rel=\"noopener\">Musterblatt-Einlegen_von_Rechtsmitteln<\/a>.pdf<\/span><\/td>\n<td width=\"19\"><\/td>\n<td width=\"253\"><\/td>\n<\/tr>\n<tr>\n<td width=\"32\"><\/td>\n<td width=\"17\"><\/td>\n<td width=\"396\"><\/td>\n<td width=\"19\"><\/td>\n<td width=\"253\"><\/td>\n<\/tr>\n<tr>\n<td width=\"32\"><img loading=\"lazy\" decoding=\"async\" class=\"alignnone size-full wp-image-260\" src=\"https:\/\/www.rechtshilfebuero.de\/wp-page\/wp-content\/uploads\/2022\/06\/pdf-icon.png\" alt=\"\" width=\"42\" height=\"38\"><\/td>\n<td width=\"17\"><\/td>\n<td width=\"396\"><span style=\"color: #000066; font-family: Arial, Helvetica, sans-serif; font-size: large;\"><a href=\"https:\/\/www.rechtshilfebuero.de\/wp-page\/wp-content\/uploads\/2022\/06\/Musterblatt-Wiedereinsetzung.pdf\" target=\"_blank\" rel=\"noopener\">Musterblatt-Wiedereinsetzung<\/a>.pdf<\/span><\/td>\n<td width=\"19\"><\/td>\n<td width=\"253\"><\/td>\n<\/tr>\n<tr>\n<td width=\"32\"><\/td>\n<td width=\"17\"><\/td>\n<td width=\"396\"><\/td>\n<td width=\"19\"><\/td>\n<td width=\"253\"><\/td>\n<\/tr>\n<tr>\n<td width=\"32\"><img loading=\"lazy\" decoding=\"async\" class=\"alignnone size-full wp-image-260\" src=\"https:\/\/www.rechtshilfebuero.de\/wp-page\/wp-content\/uploads\/2022\/06\/pdf-icon.png\" alt=\"\" width=\"42\" height=\"38\"><\/td>\n<td width=\"17\"><\/td>\n<td width=\"396\"><span style=\"color: #000066; font-family: Arial, Helvetica, sans-serif; font-size: large;\"><a href=\"https:\/\/www.rechtshilfebuero.de\/wp-page\/wp-content\/uploads\/2022\/06\/Prozesskostenhilfe-Antrag.pdf\" target=\"_blank\" rel=\"noopener\">Prozesskostenhilfe-Antrag<\/a>.pdf<\/span><\/td>\n<td width=\"19\"><\/td>\n<td width=\"253\"><\/td>\n<\/tr>\n<tr>\n<td width=\"32\"><\/td>\n<td width=\"17\"><\/td>\n<td width=\"396\"><\/td>\n<td width=\"19\"><\/td>\n<td width=\"253\"><\/td>\n<\/tr>\n<tr>\n<td width=\"32\"><img loading=\"lazy\" decoding=\"async\" class=\"alignnone size-full wp-image-260\" src=\"https:\/\/www.rechtshilfebuero.de\/wp-page\/wp-content\/uploads\/2022\/06\/pdf-icon.png\" alt=\"\" width=\"42\" height=\"38\"><\/td>\n<td width=\"17\"><\/td>\n<td width=\"396\"><span style=\"color: #000066; font-family: Arial, Helvetica, sans-serif; font-size: large;\"><a href=\"https:\/\/www.rechtshilfebuero.de\/wp-page\/wp-content\/uploads\/2022\/06\/Prozessmappe-Ausrangiert.pdf\" target=\"_blank\" rel=\"noopener\">Prozessmappe-Ausrangiert<\/a>.pdf <b>(19 MB)<\/b><\/span><\/td>\n<td width=\"19\"><\/td>\n<td width=\"253\"><\/td>\n<\/tr>\n<tr>\n<td width=\"32\"><\/td>\n<td width=\"17\"><\/td>\n<td width=\"396\"><\/td>\n<td width=\"19\"><\/td>\n<td width=\"253\"><\/td>\n<\/tr>\n<tr>\n<td width=\"32\"><img loading=\"lazy\" decoding=\"async\" class=\"alignnone size-full wp-image-260\" src=\"https:\/\/www.rechtshilfebuero.de\/wp-page\/wp-content\/uploads\/2022\/06\/pdf-icon.png\" alt=\"\" width=\"42\" height=\"38\"><\/td>\n<td width=\"17\"><\/td>\n<td width=\"396\"><span style=\"color: #000066; font-family: Arial, Helvetica, sans-serif; font-size: large;\"><a href=\"https:\/\/www.rechtshilfebuero.de\/wp-page\/wp-content\/uploads\/2022\/06\/Tagessatzhoehe.pdf\" target=\"_blank\" rel=\"noopener\">Tagessatzhoehe<\/a>.pdf<\/span><\/td>\n<td width=\"19\"><\/td>\n<td width=\"253\"><\/td>\n<\/tr>\n<tr>\n<td width=\"32\"><\/td>\n<td width=\"17\"><\/td>\n<td width=\"396\"><\/td>\n<td width=\"19\"><\/td>\n<td width=\"253\"><\/td>\n<\/tr>\n<tr>\n<td width=\"32\"><img loading=\"lazy\" decoding=\"async\" class=\"alignnone size-full wp-image-260\" src=\"https:\/\/www.rechtshilfebuero.de\/wp-page\/wp-content\/uploads\/2022\/06\/pdf-icon.png\" alt=\"\" width=\"42\" height=\"38\"><\/td>\n<td width=\"17\"><\/td>\n<td width=\"396\"><span style=\"color: #000066; font-family: Arial, Helvetica, sans-serif; font-size: large;\"><a href=\"https:\/\/www.rechtshilfebuero.de\/wp-page\/wp-content\/uploads\/2022\/06\/Tagungsmappe-fuer-Fachtagung.pdf\" target=\"_blank\" rel=\"noopener\">Tagungsmappe-fuer-Fachtagung<\/a>.pdf<\/span><\/td>\n<td width=\"19\"><\/td>\n<td width=\"253\"><\/td>\n<\/tr>\n<tr>\n<td width=\"32\"><\/td>\n<td width=\"17\"><\/td>\n<td width=\"396\"><\/td>\n<td width=\"19\"><\/td>\n<td width=\"253\"><\/td>\n<\/tr>\n<tr>\n<td width=\"32\"><img loading=\"lazy\" decoding=\"async\" class=\"alignnone size-full wp-image-260\" src=\"https:\/\/www.rechtshilfebuero.de\/wp-page\/wp-content\/uploads\/2022\/06\/pdf-icon.png\" alt=\"\" width=\"42\" height=\"38\"><\/td>\n<td width=\"17\"><\/td>\n<td width=\"396\"><span style=\"color: #000066; font-family: Arial, Helvetica, sans-serif; font-size: large;\"><a href=\"https:\/\/www.rechtshilfebuero.de\/wp-page\/wp-content\/uploads\/2022\/06\/Vollmacht-fuer-Rechtsanwaelte.pdf\" target=\"_blank\" rel=\"noopener\">Vollmacht-fuer-Rechtsanwaelte<\/a>.pdf<\/span><\/td>\n<td width=\"19\"><\/td>\n<td width=\"253\"><\/td>\n<\/tr>\n<tr>\n<td width=\"32\"><\/td>\n<td width=\"17\"><\/td>\n<td width=\"396\"><\/td>\n<td width=\"19\"><\/td>\n<td width=\"253\"><\/td>\n<\/tr>\n<tr>\n<td width=\"32\"><img loading=\"lazy\" decoding=\"async\" class=\"alignnone size-full wp-image-260\" src=\"https:\/\/www.rechtshilfebuero.de\/wp-page\/wp-content\/uploads\/2022\/06\/pdf-icon.png\" alt=\"\" width=\"42\" height=\"38\"><\/td>\n<td width=\"17\"><\/td>\n<td width=\"396\"><span style=\"color: #000066; font-family: Arial, Helvetica, sans-serif; font-size: large;\"><a href=\"https:\/\/www.rechtshilfebuero.de\/wp-page\/wp-content\/uploads\/2022\/06\/Vollmacht-Rechtshilfebuero.pdf\" target=\"_blank\" rel=\"noopener\">Vollmacht-Rechtshilfebuero<\/a>.pdf<\/span><\/td>\n<td width=\"19\"><\/td>\n<td width=\"253\"><\/td>\n<\/tr>\n<tr>\n<td width=\"32\"><\/td>\n<td width=\"17\"><\/td>\n<td width=\"396\"><\/td>\n<td width=\"19\"><\/td>\n<td width=\"253\"><\/td>\n<\/tr>\n<tr>\n<td width=\"32\"><\/td>\n<td width=\"17\"><\/td>\n<td width=\"396\"><\/td>\n<td width=\"19\"><\/td>\n<td width=\"253\"><\/td>\n<\/tr>\n<tr>\n<td width=\"32\"><\/td>\n<td width=\"17\"><\/td>\n<td width=\"396\"><\/td>\n<td width=\"19\"><\/td>\n<td width=\"253\"><\/td>\n<\/tr>\n<tr>\n<td width=\"32\"><\/td>\n<td width=\"17\"><\/td>\n<td width=\"396\"><\/td>\n<td width=\"19\"><\/td>\n<td width=\"253\"><\/td>\n<\/tr>\n<tr>\n<td width=\"32\"><\/td>\n<td width=\"17\"><\/td>\n<td width=\"396\"><\/td>\n<td width=\"19\"><\/td>\n<td width=\"253\"><\/td>\n<\/tr>\n<\/tbody>\n<\/table>","protected":false},"excerpt":{"rendered":"<p>Hinter den Texten und Formularen steckt eine Menge Arbeit. Bitte \u00fcberlegt, ob ihr diese Arbeit mit einer Spende unterst\u00fctzen k\u00f6nnt. Antrag-auf-Beratungshilfe.pdf Antrag-Rechtsbeistand.pdf Blockadefibel.pdf Einspruch-Bussgeld.pdf Einspruch-Strafbefehl.pdf Erziehungsvollmacht.pdf Handout-Prozesstraining.pdf JAGA-Versammlungsanmeldung.pdf Loeschung_ED-Behandlung_Musterbrief.pdf Musterblatt-Akteneinsicht.pdf Musterblatt-Einlegen_von_Rechtsmitteln.pdf Musterblatt-Wiedereinsetzung.pdf Prozesskostenhilfe-Antrag.pdf Prozessmappe-Ausrangiert.pdf (19 MB) Tagessatzhoehe.pdf Tagungsmappe-fuer-Fachtagung.pdf Vollmacht-fuer-Rechtsanwaelte.pdf Vollmacht-Rechtshilfebuero.pdf<\/p>\n","protected":false},"author":1,"featured_media":0,"parent":0,"menu_order":0,"comment_status":"closed","ping_status":"closed","template":"","meta":{"footnotes":""},"class_list":["post-54","page","type-page","status-publish","hentry"],"_links":{"self":[{"href":"https:\/\/www.rechtshilfebuero.de\/wp-page\/wp-json\/wp\/v2\/pages\/54","targetHints":{"allow":["GET"]}}],"collection":[{"href":"https:\/\/www.rechtshilfebuero.de\/wp-page\/wp-json\/wp\/v2\/pages"}],"about":[{"href":"https:\/\/www.rechtshilfebuero.de\/wp-page\/wp-json\/wp\/v2\/types\/page"}],"author":[{"embeddable":true,"href":"https:\/\/www.rechtshilfebuero.de\/wp-page\/wp-json\/wp\/v2\/users\/1"}],"replies":[{"embeddable":true,"href":"https:\/\/www.rechtshilfebuero.de\/wp-page\/wp-json\/wp\/v2\/comments?post=54"}],"version-history":[{"count":30,"href":"https:\/\/www.rechtshilfebuero.de\/wp-page\/wp-json\/wp\/v2\/pages\/54\/revisions"}],"predecessor-version":[{"id":452,"href":"https:\/\/www.rechtshilfebuero.de\/wp-page\/wp-json\/wp\/v2\/pages\/54\/revisions\/452"}],"wp:attachment":[{"href":"https:\/\/www.rechtshilfebuero.de\/wp-page\/wp-json\/wp\/v2\/media?parent=54"}],"curies":[{"name":"wp","href":"https:\/\/api.w.org\/{rel}","templated":true}]}}