{"id":52,"date":"2021-11-29T10:38:10","date_gmt":"2021-11-29T09:38:10","guid":{"rendered":"https:\/\/www.rechtshilfebuero.de\/wp-page\/?page_id=52"},"modified":"2022-07-28T11:08:14","modified_gmt":"2022-07-28T09:08:14","slug":"rechts-infos","status":"publish","type":"page","link":"https:\/\/www.rechtshilfebuero.de\/wp-page\/rechts-infos\/","title":{"rendered":"Rechts-Infos"},"content":{"rendered":"\n<div class=\"bgfixed\">\n<div style=\"cursor: url(https:\/\/www.rechtshilfebuero.de\/wp-files\/cursor.ico), move\">\n\n\n\n<p>Rechtsinformationen<\/p>\n\n\n<table width=\"622\" cellspacing=\"0\" cellpadding=\"0\" border=\"0\">\n<tbody>\n<tr>\n<td><span style=\"color: #000066; font-family: Arial, Helvetica, sans-serif; font-size: medium;\"><span style=\"color: #000066; font-family: Arial, Helvetica, sans-serif; font-size: medium;\">Was mache ich bei<\/span><\/span><p><\/p>\n<p>&nbsp;&nbsp;&nbsp;&#8211; <a href=\"https:\/\/www.rechtshilfebuero.de\/wp-page\/bussgeldbescheid\/\" rel=\"noopener\">Bu\u00dfgeldbescheid<\/a> <br>&nbsp;&nbsp;&nbsp;&#8211; <a href=\"https:\/\/www.rechtshilfebuero.de\/wp-page\/anklageschrift\/\" rel=\"noopener\">Anklageschrift<\/a> <br>&nbsp;&nbsp;&nbsp;&#8211; <a href=\"https:\/\/www.rechtshilfebuero.de\/wp-page\/strafbefehl\/\" rel=\"noopener\">Strafbefehl<\/a> <br>&nbsp;&nbsp;&nbsp;&#8211; <a href=\"https:\/\/www.rechtshilfebuero.de\/pages\/buttom-3\/polizeikosten\/index.htm\" target=\"_blank\" rel=\"noopener\">Polizeikosten<\/a> <br>&nbsp;&nbsp;&nbsp;&#8211; <a href=\"https:\/\/www.rechtshilfebuero.de\/wp-page\/polizeipruegel\/\" rel=\"noopener\">Polizeipr\u00fcgel<\/a> <br>&nbsp;&nbsp;&nbsp;&#8211; <a href=\"https:\/\/www.rechtshilfebuero.de\/wp-page\/fristversaeumnis\/\" rel=\"noopener\">Fristvers\u00e4umnis<\/a> <br>&nbsp;&nbsp;&nbsp;&#8211; <a href=\"https:\/\/www.rechtshilfebuero.de\/pages\/buttom-3\/gewahrsamnahme\/index.htm\" target=\"_blank\" rel=\"noopener\">Gewahrsamnahme<\/a><\/p>\n<\/td>\n<td>&nbsp;<\/td>\n<td><span style=\"color: #000066; font-family: Arial, Helvetica, sans-serif; font-size: medium;\"><br>&nbsp;&nbsp;&nbsp;&#8211; <a href=\"https:\/\/www.rechtshilfebuero.de\/wp-page\/urteils-archiv\/\" rel=\"noopener\">Urteils-Archiv<\/a> <br>&nbsp;&nbsp;&nbsp;&#8211; <a href=\"https:\/\/www.datenschmutz.de\" target=\"_blank\" rel=\"noopener\">Auskunft Polizeidateien<\/a> <br>&nbsp;&nbsp;&nbsp;&#8211; <a href=\"https:\/\/www.rechtshilfebuero.de\/wp-page\/was-ihr-vor-jeder-aktion-wissen-solltet\/\" rel=\"noopener\">Was ihr vor jeder Aktion wissen solltet<\/a> <br>&nbsp;&nbsp;&nbsp;&#8211; <a href=\"https:\/\/www.rechtshilfebuero.de\/wp-page\/zahlen-abarbeiten-oder-absitzen\/\" rel=\"noopener\">Zahlen, Abarbeiten oder absitzen<\/a><\/span><\/td>\n<\/tr>\n<\/tbody>\n<\/table>\n<table width=\"622\" cellspacing=\"0\" cellpadding=\"0\" border=\"0\">\n<tbody>\n<tr>\n<td height=\"44\">\n<p><span style=\"color: #000066; font-family: Arial, Helvetica, sans-serif; font-size: medium;\">Wenn noch Fragen offen geblieben sind, dann kannst Du uns mit diesem Link eine mail schreiben. Gut w\u00e4re, uns auch Deine Telefonnummer mitzuteilen, denn manchmal gibt es Fragen, bei denen es vorteilhaft oder notwendig ist, die Sache telefonisch zu kl\u00e4ren. <\/span><\/p>\n<p><span style=\"color: #000066; font-family: Arial, Helvetica, sans-serif; font-size: medium;\">Bei eiligen Fragen k\u00f6nnt ihr auch anrufen unter 040-23518307 oder 0170-7565451<\/span><\/p>\n<\/td>\n<\/tr>\n<\/tbody>\n<\/table>\n<p><span style=\"font-family: Arial, Helvetica, sans-serif; font-size: large;\"><a href=\"mailto:info@rechtshilfebuero.de\">info@rechtshilfebuero.de<\/a><\/span><\/p>\n<table width=\"622\" cellspacing=\"0\" cellpadding=\"0\" border=\"0\">\n<tbody>\n<tr>\n<td><span style=\"color: #000066; font-family: Arial, Helvetica, sans-serif; font-size: medium;\">Unsere Rechtsberatung ist unentgeltlich, aber es braucht auch Geld, um das B\u00fcro aufrecht zu erhalten und die Rechtsberatung auf hohem Niveau halten zu k\u00f6nnen. Deshalb freuen wir uns \u00fcber kleine und gro\u00dfe Spenden.<\/span><\/td>\n<\/tr>\n<\/tbody>\n<\/table>\n<p><a href=\"https:\/\/www.rechtshilfebuero.de\/wp-page\/spenden\/\"><span style=\"color: #000066; font-family: Arial, Helvetica, sans-serif; font-size: medium;\"><span style=\"font-size: large;\">verschl\u00fcsselt spenden<\/span><\/span><\/a><\/p>","protected":false},"excerpt":{"rendered":"<p>Rechtsinformationen Was mache ich bei &nbsp;&nbsp;&nbsp;&#8211; Bu\u00dfgeldbescheid &nbsp;&nbsp;&nbsp;&#8211; Anklageschrift &nbsp;&nbsp;&nbsp;&#8211; Strafbefehl &nbsp;&nbsp;&nbsp;&#8211; Polizeikosten &nbsp;&nbsp;&nbsp;&#8211; Polizeipr\u00fcgel &nbsp;&nbsp;&nbsp;&#8211; Fristvers\u00e4umnis &nbsp;&nbsp;&nbsp;&#8211; Gewahrsamnahme &nbsp; &nbsp;&nbsp;&nbsp;&#8211; Urteils-Archiv &nbsp;&nbsp;&nbsp;&#8211; Auskunft Polizeidateien &nbsp;&nbsp;&nbsp;&#8211; Was ihr vor jeder Aktion wissen solltet &nbsp;&nbsp;&nbsp;&#8211; Zahlen, Abarbeiten oder absitzen Wenn noch Fragen offen geblieben sind, dann kannst Du uns mit diesem Link eine mail schreiben. Gut &hellip; <\/p>\n<p class=\"link-more\"><a href=\"https:\/\/www.rechtshilfebuero.de\/wp-page\/rechts-infos\/\" class=\"more-link\"><span class=\"screen-reader-text\">\u201eRechts-Infos\u201c <\/span>weiterlesen<\/a><\/p>\n","protected":false},"author":1,"featured_media":0,"parent":0,"menu_order":0,"comment_status":"closed","ping_status":"closed","template":"","meta":{"footnotes":""},"class_list":["post-52","page","type-page","status-publish","hentry"],"_links":{"self":[{"href":"https:\/\/www.rechtshilfebuero.de\/wp-page\/wp-json\/wp\/v2\/pages\/52","targetHints":{"allow":["GET"]}}],"collection":[{"href":"https:\/\/www.rechtshilfebuero.de\/wp-page\/wp-json\/wp\/v2\/pages"}],"about":[{"href":"https:\/\/www.rechtshilfebuero.de\/wp-page\/wp-json\/wp\/v2\/types\/page"}],"author":[{"embeddable":true,"href":"https:\/\/www.rechtshilfebuero.de\/wp-page\/wp-json\/wp\/v2\/users\/1"}],"replies":[{"embeddable":true,"href":"https:\/\/www.rechtshilfebuero.de\/wp-page\/wp-json\/wp\/v2\/comments?post=52"}],"version-history":[{"count":19,"href":"https:\/\/www.rechtshilfebuero.de\/wp-page\/wp-json\/wp\/v2\/pages\/52\/revisions"}],"predecessor-version":[{"id":372,"href":"https:\/\/www.rechtshilfebuero.de\/wp-page\/wp-json\/wp\/v2\/pages\/52\/revisions\/372"}],"wp:attachment":[{"href":"https:\/\/www.rechtshilfebuero.de\/wp-page\/wp-json\/wp\/v2\/media?parent=52"}],"curies":[{"name":"wp","href":"https:\/\/api.w.org\/{rel}","templated":true}]}}