{"id":50,"date":"2021-11-29T10:36:17","date_gmt":"2021-11-29T09:36:17","guid":{"rendered":"https:\/\/www.rechtshilfebuero.de\/wp-page\/?page_id=50"},"modified":"2022-07-28T11:07:23","modified_gmt":"2022-07-28T09:07:23","slug":"taetigkeiten","status":"publish","type":"page","link":"https:\/\/www.rechtshilfebuero.de\/wp-page\/taetigkeiten\/","title":{"rendered":"T\u00e4tigkeiten"},"content":{"rendered":"\n<div class=\"bgfixed\">\n<div style=\"cursor: url(https:\/\/www.rechtshilfebuero.de\/wp-files\/cursor.ico), move\">\n\n\n\n<p>Was wir machen<\/p>\n\n\n\n<p>Mit unserer Beratung wollen wir Menschen erm\u00e4chtigen, selbstst\u00e4ndig, selbstbewusst und gemeinschaftlich f\u00fcr eine gesellschaftliche Ver\u00e4nderung einzutreten. Wir sind kein B\u00fcro, bei dem mensch seinen\/ihren Fall oder Problem abgeben kann, damit wir das m\u00f6glichst g\u00fcnstig l\u00f6sen. Wir wollen unseren Teil dazu beitragen, Hierarchien abzubauen und die Angst vor den Strafverfolgungsbeh\u00f6rden und dem entsprechenden Dschungel zu nehmen. Die Zukunft braucht weniger Mitl\u00e4ufer und mehr eigenst\u00e4ndig und verantwortlich Handelnde. Dazu ben\u00f6tigt mensch Kenntnisse, Erfahrungen und F\u00e4higkeiten, die wir in einigen Bereichen gerne bereitstellen und vermitteln. F\u00fcr die politische Arbeit braucht es aber auch eine souver\u00e4ne und klare Haltung, an der wir gerne mit Euch zusammen arbeiten.<\/p>\n\n\n\n<p>Wir beraten in allen die politische Aktion betreffenden Fragen. Einfache Fragen k\u00f6nnen wir per E-Mail oder telefonisch beantworten.<\/p>\n\n\n\n<p>Wir unterst\u00fctzen Euch, wenn ihr<br>&nbsp;&nbsp;&nbsp;&#8211; an gewaltfreien Aktionen teilnehmen wollt oder teilgenommen habt<br>&nbsp;&nbsp;&nbsp;&#8211; die rechtlichen Folgen einer Aktion als Teil der politischen Arbeit versteht und<br>&nbsp;&nbsp;&nbsp;&#8211; eine Vorstellung davon habt, wie ihr Euern Prozess gestalten wollt oder eine solche Vorstellung entwickeln wollt<br>&nbsp;&nbsp;&nbsp;&#8211; Euch der Respekt vor jedem Menschen wichtig ist<\/p>\n\n\n\n<p>Dar\u00fcber hinaus bieten wir Skillsharing in den Bereichen<br>&nbsp;&nbsp;&nbsp;&#8211; Versammlungsrecht<br>&nbsp;&nbsp;&nbsp;&#8211; Strafrecht<br>&nbsp;&nbsp;&nbsp;&#8211; Strafprozessrecht<br>&nbsp;&nbsp;&nbsp;&#8211; Gef\u00e4ngnis<br>&nbsp;&nbsp;&nbsp;&#8211; Polizeikontakt<br>&nbsp;&nbsp;&nbsp;&#8211; Freie Rede<\/p>\n\n\n\n<p>Fragt an! Wir melden uns und besprechen alles weitere.<\/p>\n\n\n\n<p>F\u00fcr die Finanzierung empfehlen wir einen Antrag bei der Bewegungsstiftung:<br><a href=\"https:\/\/www.bewegungsstiftung.de\/fileadmin\/user_upload\/bws\/pdf\/richtlinien\/beratung.pdf\" target=\"_blank\" rel=\"noreferrer noopener\">https:\/\/www.bewegungsstiftung.de\/fileadmin\/user_upload\/bws\/pdf\/richtlinien\/beratung.pdf<\/a><\/p>\n","protected":false},"excerpt":{"rendered":"<p>Was wir machen Mit unserer Beratung wollen wir Menschen erm\u00e4chtigen, selbstst\u00e4ndig, selbstbewusst und gemeinschaftlich f\u00fcr eine gesellschaftliche Ver\u00e4nderung einzutreten. Wir sind kein B\u00fcro, bei dem mensch seinen\/ihren Fall oder Problem abgeben kann, damit wir das m\u00f6glichst g\u00fcnstig l\u00f6sen. Wir wollen unseren Teil dazu beitragen, Hierarchien abzubauen und die Angst vor den Strafverfolgungsbeh\u00f6rden und dem entsprechenden &hellip; <\/p>\n<p class=\"link-more\"><a href=\"https:\/\/www.rechtshilfebuero.de\/wp-page\/taetigkeiten\/\" class=\"more-link\"><span class=\"screen-reader-text\">\u201eT\u00e4tigkeiten\u201c <\/span>weiterlesen<\/a><\/p>\n","protected":false},"author":1,"featured_media":0,"parent":0,"menu_order":0,"comment_status":"closed","ping_status":"closed","template":"","meta":{"footnotes":""},"class_list":["post-50","page","type-page","status-publish","hentry"],"_links":{"self":[{"href":"https:\/\/www.rechtshilfebuero.de\/wp-page\/wp-json\/wp\/v2\/pages\/50","targetHints":{"allow":["GET"]}}],"collection":[{"href":"https:\/\/www.rechtshilfebuero.de\/wp-page\/wp-json\/wp\/v2\/pages"}],"about":[{"href":"https:\/\/www.rechtshilfebuero.de\/wp-page\/wp-json\/wp\/v2\/types\/page"}],"author":[{"embeddable":true,"href":"https:\/\/www.rechtshilfebuero.de\/wp-page\/wp-json\/wp\/v2\/users\/1"}],"replies":[{"embeddable":true,"href":"https:\/\/www.rechtshilfebuero.de\/wp-page\/wp-json\/wp\/v2\/comments?post=50"}],"version-history":[{"count":3,"href":"https:\/\/www.rechtshilfebuero.de\/wp-page\/wp-json\/wp\/v2\/pages\/50\/revisions"}],"predecessor-version":[{"id":371,"href":"https:\/\/www.rechtshilfebuero.de\/wp-page\/wp-json\/wp\/v2\/pages\/50\/revisions\/371"}],"wp:attachment":[{"href":"https:\/\/www.rechtshilfebuero.de\/wp-page\/wp-json\/wp\/v2\/media?parent=50"}],"curies":[{"name":"wp","href":"https:\/\/api.w.org\/{rel}","templated":true}]}}