{"id":27,"date":"2021-11-29T09:03:43","date_gmt":"2021-11-29T08:03:43","guid":{"rendered":"https:\/\/www.rechtshilfebuero.de\/wp-page\/?page_id=27"},"modified":"2026-03-15T17:27:09","modified_gmt":"2026-03-15T16:27:09","slug":"27-2","status":"publish","type":"page","link":"https:\/\/www.rechtshilfebuero.de\/wp-page\/27-2\/","title":{"rendered":"Datenschutz"},"content":{"rendered":"\n<p><strong>Datenschutzerkl\u00e4rung der<br>Internetseite: www.rechtshilfebuero.de<\/strong><\/p>\n\n\n\n<figure class=\"wp-block-table\"><table><tbody><tr><td class=\"has-text-align-left\" data-align=\"left\"><strong>Datenschutzerkl\u00e4rung des Rechtshilfeb\u00fcros<\/strong><br><br><strong>Allgemeine Hinweise<\/strong><br>Wir nehmen den Schutz pers\u00f6nlicher Daten sehr ernst. Wir behandeln personenbezogene Daten vertraulich und entsprechend der gesetzlichen Datenschutzvorschriften sowie dieser Datenschutzerkl\u00e4rung.<br>Sofern innerhalb des Internetangebotes die M\u00f6glichkeit zur Eingabe pers\u00f6nlicher Daten (Email-Adressen, Namen, Anschriften, Kontodaten, usw.) besteht, so erfolgt die Preisgabe dieser Daten seitens der Nutzer*in auf ausdr\u00fccklich freiwilliger Basis. Sie k\u00f6nnen der Nutzung dieser Daten jederzeit widersprechen, wenn Sie z.B. nicht mehr \u00fcber die Arbeit der Bewegungsstiftung informiert werden wollen. Daneben werden personenbezogene Daten unter Beachtung insbesondere der Vorschriften der Datenschutz-Grundverordnung (DSGVO), des Bundesdatenschutzgesetzes und des Telemediengesetzes erhoben, verarbeitet und genutzt, soweit dies f\u00fcr die Abwicklung einer Bestellung notwendig ist.<br><br><strong>Verantwortlich f\u00fcr die Datenerhebung:<\/strong><br>Der Verantwortliche im Sinne der Datenschutz-Grundverordnung sowie sonstiger datenschutzrechtlicher Bestimmungen ist das <br><br>Rechtshilfeb\u00fcro <br>Ohlestrasse 1 <br>D-22547 Hamburg <br><a href=\"tel:+494018238931\">040-18238931<\/a> <br><a href=\"mailto:Info@rechtshilfebuero.de\">Info@rechtshilfebuero.de<\/a> <br>www.rechtshilfebuero.de<br><br><strong>Datenschutzbeauftragter<\/strong><br>Unseren Datenschutzbeauftragten Dirk Leube erreichen Sie per Email unter <a href=\"mailto:dirk.leube.m@rechtshilfebuero.de\">dirk.leube.m@rechtshilfebuero.de<\/a> (<a href=\"https:\/\/www.rechtshilfebuero.de\/dsgvo\/dirk-leube-m.asc\" target=\"_blank\" rel=\"noreferrer noopener\">PGP-Schl\u00fcssel<\/a>). Er steht Ihnen gerne f\u00fcr Ausk\u00fcnfte zum Thema Datenschutz zur Verf\u00fcgung.<br><br><strong>Zwecke der Verarbeitung \/ Rechtsgrundlage<\/strong><br>Wir verarbeiten Ihre Daten, weil entweder<br>* Sie nach Artikel 6 (1) (a) der DSGVO Ihre ausdr\u00fcckliche Einwilligung dazu erteilt haben,<br>* nach Artikel 6 (1) (b) der DSGVO die Verarbeitung zur Abwicklung eines Vertrags mit Ihnen erforderlich ist,<sup><a href=\"https:\/\/www.rechtshilfebuero.de\/dsgvo\/cookie-text.html#sdfootnote1sym\" target=\"_blank\" rel=\"noreferrer noopener\">1<\/a><\/sup><br>* nach Artikel 6 (1) (c) die Verarbeitung zur Erf\u00fcllung einer rechtlichen Verpflichtung erforderlich ist, der wir unterliegen,<sup><a href=\"https:\/\/www.rechtshilfebuero.de\/dsgvo\/cookie-text.html#sdfootnote2sym\" target=\"_blank\" rel=\"noreferrer noopener\">2<\/a><\/sup><br>* nach Artikel 6 (1) (f) der DSGVO die Verarbeitung zur Wahrung berechtigter Interessen erforderlich ist und kein Grund zur Annahme besteht, dass Sie ein \u00fcberwiegendes schutzw\u00fcrdiges Interesse an der Nichtverwendung Ihrer Daten haben.<sup><a href=\"https:\/\/www.rechtshilfebuero.de\/dsgvo\/cookie-text.html#sdfootnote3sym\" target=\"_blank\" rel=\"noreferrer noopener\">3<\/a><\/sup><br><br><br>Von <strong>Spender*innen<\/strong>, speichern wir die personenbezogenen Daten soweit dies zur Spendenverwaltung erforderlich ist oder die Nutzer*in dar\u00fcber hinaus eingewilligt hat, etwa in den Erhalt weiterer Informationen \u00fcber die Arbeit des Rechtshilfeb\u00fcros.<br><br><br>F\u00fcr die Versendung des <strong>Newsletters<\/strong> speichern wir die Email-Adresse, da wir ohne diese den Newsletter nicht verschicken k\u00f6nnen. Dar\u00fcber hinaus speichern wir, soweit dem nicht widersprochen wurde, den Namen, um einen \u00dcberblick zu behalten, wer unseren Newsletter erh\u00e4lt. <br><br>F\u00fcr die Beantwortung von <strong>Anfragen<\/strong> m\u00fcssen wir, um antworten zu k\u00f6nnen, die E-Mail-Adresse und die Angaben speichern, die ihr in der Anfrage macht. Die Email wird nach drei Monaten automatisch gel\u00f6scht. Bei Anfragen mit gr\u00f6\u00dferem Aufwand (Nachfragen, R\u00fcckfragen, Recherche-Aufwand) wird eine Akte angelegt, die ich zum Nachweis der Sorgfalt meiner Arbeit drei Jahre aufhebe. Bei ganz speziellen Anfragen leite ich den Schriftverkehr an meinen Kooperationsanwalt. Dieser ist nach dem Rechtsdienstleistungsgesetz f\u00fcr meine Weiterbildung und die Aufsicht \u00fcber meine Arbeit zust\u00e4ndig. Er unterliegt auch in diesen F\u00e4llen der anwaltlichen Schweigepflicht. <br><br>Bei <strong>Mandanten<\/strong>, die ich als Rechtsbeistand in ihrem Verfahren begleite, muss ich alle zum Verfahren notwendigen Daten und Fakten in einer (Papier-)Akte f\u00fchren. Dazu geh\u00f6ren nat\u00fcrlich auch Adresse, Email-Adresse und Telefonnummer, damit ich jederzeit mit der Mandantin kommunizieren kann. Diese Akten muss ich drei Jahre nach Abschluss des Verfahrens aufbewahren. <br><br>Emails werden zus\u00e4tzlich drei Monate im Mail-Programm gespeichert, um eine sachgerechte Kommunikation zu erm\u00f6glichen. <br><br>Bei ganz speziellen Problemen leite ich den Schriftverkehr an meinen Kooperationsanwalt. Dieser ist nach dem Rechtsdienstleistungsgesetz f\u00fcr meine Weiterbildung und die Aufsicht \u00fcber meine Arbeit zust\u00e4ndig. Er unterliegt auch in diesen F\u00e4llen der anwaltlichen Schweigepflicht.<br><br><strong>Empf\u00e4nger*innen Ihrer Daten<\/strong><br>Ihre Daten verkaufen wir weder an Dritte, noch werden diese Dritten au\u00dferhalb dieser Erkl\u00e4rung zur Nutzung \u00fcberlassen oder zug\u00e4nglich gemacht.<br><br><strong>Recht auf Auskunft, L\u00f6schung, Sperrung<\/strong><br>Die erteilte Einwilligung zur Speicherung der Daten, der E-Mail-Adresse sowie deren Nutzung zum Versand des Newsletters k\u00f6nnen Sie jederzeit widerrufen, etwa \u00fcber den &#8222;Austragen&#8220;-Link im Newsletter. Sie k\u00f6nnen uns auch per Email, Briefpost oder Telefon kontaktieren, um Ihre Daten zu \u00e4ndern, zu erneuern oder l\u00f6schen zu lassen: info@rechtshilfebuero.de, 040-23 51 83 07, Rechtshilfeb\u00fcro, Normannenweg 17-21, 20537 Hamburg.<br>Nach dem Bundesdatenschutzgesetz haben Sie ein Recht auf unentgeltliche Auskunft \u00fcber Ihre gespeicherten Daten sowie ggf. ein Recht auf Berichtigung, Sperrung oder L\u00f6schung dieser Daten.<br>Wenn Sie weitere Fragen oder Hinweise zum Thema Datenschutz haben, senden Sie eine Email an <a href=\"mailto:rechtshilfebuero@jpberlin.de\">rechtshilfebuero@jpberlin.de<\/a>, (<a href=\"https:\/\/www.rechtshilfebuero.de\/dsgvo\/holger-isabelle-jaenicke.asc\" target=\"_blank\" rel=\"noreferrer noopener\">PGP-Schl\u00fcssel<\/a>).<br><br><strong>Beschwerderecht bei der zust\u00e4ndigen Aufsichtsbeh\u00f6rde<\/strong><br>Im Falle datenschutzrechtlicher Verst\u00f6\u00dfe steht Ihnen ein Beschwerderecht bei der zust\u00e4ndigen Aufsichtsbeh\u00f6rde zu. Zust\u00e4ndige Aufsichtsbeh\u00f6rde in datenschutzrechtlichen Fragen ist die Landesdatenschutzbeauftragte des Landes Hamburg, in dem unsere Organisation ihren Sitz hat:<br>Prof. Dr. Johannes Caspar<br>Ludwig-Erhard-Str. 22<br>20459 Hamburg<br>Telefon: 040-428 54 &#8211; 4040<br>mailbox@datenschutz.hamburg.de<br>https:\/\/datenschutz-hamburg.de<br><br><strong>Datenerfassung auf unserer Webseite<\/strong><br>Unsere Server stehen in Deutschland und arbeiten mit zeitgem\u00e4\u00dfer SSL-Verschl\u00fcsselung. SSL gew\u00e4hrleistet eine sichere und verschl\u00fcsselte, von au\u00dfen nicht zug\u00e4ngliche Daten\u00fcbertragung (erkennbar am &#8222;s&#8220; im &#8222;https:\/\/&#8220; in der Adresszeile des Webbrowsers)<br><br>Der Provider dieser Internetseite erhebt und speichert automatisch Informationen in so genannten Server-Log-Files, die Ihr Browser automatisch an uns \u00fcbermittelt. Dazu geh\u00f6ren Browsertyp und Browserversion, verwendetes Betriebssystem, Suchbegriffe, Eingangs- und Ausgangsseiten und Zeitpunkt der Serveranfrage. Wir nutzen diese Informationen nicht! Alle Daten werden vertraulich behandelt und lediglich zur Optimierung unserer Internetpr\u00e4senz verwendet. Es werden keine Daten an Dritte weitergegeben. Diese Daten sind nicht bestimmten Personen zuordenbar. Eine Zusammenf\u00fchrung dieser Daten mit anderen Datenquellen wird nicht vorgenommen.<br><br>Dar\u00fcber hinaus werden im Rechenzentrum des Providers auch die IP-Adressen der WebseitenbesucherInnen gespeichert, um den sicheren Betrieb des Webservers zu gew\u00e4hrleisten. Diese werden nach sieben Tagen gel\u00f6scht. Wir als Webseiten-Betreiber haben keinen Zugriff auf die IP-Adressen.<br><br><strong>Cookies<\/strong><br>Auf dieser Webseite werden, WordPress bedingt, Cookies verwendet. Cookies sind kleine Textdateien, die im Verlauf oder Chronik eures Browsers ablegt werden.<br><br>Solltet ihr diesen Verlauf oder Chronik eures Browsers mit Cookies l\u00f6schen, werden auch diese Cookies gel\u00f6scht.<br><br>Von Seiten des Rechtshilfeb\u00fcros werden aus diesen Cookies keinerlei Daten erhoben oder verarbeitet!<br><br>Wenn ihr euch auf dieser Webseite weiter aufhaltet, erkl\u00e4rt ihr euch mit dem oben Aufgef\u00fchrten einverstanden!<br><strong><br>Kein Profiling<\/strong><br>Ihre personenbezogenen Daten werden von uns nicht f\u00fcr eine Profilbildung verarbeitet. Zur Begr\u00fcndung und Durchf\u00fchrung des Vertragsverh\u00e4ltnisses nutzen wir grunds\u00e4tzlich keine automatisierte Entscheidungsfindung.<br><br><strong>Folgen der Nichtbereitstellung Ihrer personenbezogenen Daten<\/strong><br>Selbstverst\u00e4ndlich sind Sie zu keiner Zeit verpflichtet, uns Ihre Daten zur Verf\u00fcgung zu stellen. Allerdings befragen wir Sie in unseren Formularen nur nach den n\u00f6tigsten Daten \u2013 wenn wir diese nicht verf\u00fcgbar haben, k\u00f6nnen wir Ihren Anliegen (Newsletter, Einzug von Spenden, Beratung etc.) nicht nachkommen.<br><br><a href=\"https:\/\/www.rechtshilfebuero.de\/dsgvo\/cookie-text.html#sdfootnote1anc\" target=\"_blank\" rel=\"noreferrer noopener\">1.<\/a> z.B. durch Abonnieren des Newsletter <br><a href=\"https:\/\/www.rechtshilfebuero.de\/dsgvo\/cookie-text.html#sdfootnote2anc\" target=\"_blank\" rel=\"noreferrer noopener\">2.<\/a> z.B. Adresse auf Rechnung, die wir als Beleg f\u00fcr die Buchhaltung aufbewahren m\u00fcssen <br><a href=\"https:\/\/www.rechtshilfebuero.de\/dsgvo\/cookie-text.html#sdfootnote3anc\" target=\"_blank\" rel=\"noreferrer noopener\">3.<\/a> z.B. bei Anfragen oder \u00dcbernahme eines Mandats, mehr dazu unten<br><\/td><\/tr><\/tbody><\/table><\/figure>\n","protected":false},"excerpt":{"rendered":"<p>Datenschutzerkl\u00e4rung derInternetseite: www.rechtshilfebuero.de Datenschutzerkl\u00e4rung des Rechtshilfeb\u00fcros Allgemeine HinweiseWir nehmen den Schutz pers\u00f6nlicher Daten sehr ernst. Wir behandeln personenbezogene Daten vertraulich und entsprechend der gesetzlichen Datenschutzvorschriften sowie dieser Datenschutzerkl\u00e4rung.Sofern innerhalb des Internetangebotes die M\u00f6glichkeit zur Eingabe pers\u00f6nlicher Daten (Email-Adressen, Namen, Anschriften, Kontodaten, usw.) besteht, so erfolgt die Preisgabe dieser Daten seitens der Nutzer*in auf ausdr\u00fccklich freiwilliger &hellip; <\/p>\n<p class=\"link-more\"><a href=\"https:\/\/www.rechtshilfebuero.de\/wp-page\/27-2\/\" class=\"more-link\"><span class=\"screen-reader-text\">\u201eDatenschutz\u201c <\/span>weiterlesen<\/a><\/p>\n","protected":false},"author":1,"featured_media":0,"parent":0,"menu_order":0,"comment_status":"closed","ping_status":"closed","template":"","meta":{"footnotes":""},"class_list":["post-27","page","type-page","status-publish","hentry"],"_links":{"self":[{"href":"https:\/\/www.rechtshilfebuero.de\/wp-page\/wp-json\/wp\/v2\/pages\/27","targetHints":{"allow":["GET"]}}],"collection":[{"href":"https:\/\/www.rechtshilfebuero.de\/wp-page\/wp-json\/wp\/v2\/pages"}],"about":[{"href":"https:\/\/www.rechtshilfebuero.de\/wp-page\/wp-json\/wp\/v2\/types\/page"}],"author":[{"embeddable":true,"href":"https:\/\/www.rechtshilfebuero.de\/wp-page\/wp-json\/wp\/v2\/users\/1"}],"replies":[{"embeddable":true,"href":"https:\/\/www.rechtshilfebuero.de\/wp-page\/wp-json\/wp\/v2\/comments?post=27"}],"version-history":[{"count":14,"href":"https:\/\/www.rechtshilfebuero.de\/wp-page\/wp-json\/wp\/v2\/pages\/27\/revisions"}],"predecessor-version":[{"id":562,"href":"https:\/\/www.rechtshilfebuero.de\/wp-page\/wp-json\/wp\/v2\/pages\/27\/revisions\/562"}],"wp:attachment":[{"href":"https:\/\/www.rechtshilfebuero.de\/wp-page\/wp-json\/wp\/v2\/media?parent=27"}],"curies":[{"name":"wp","href":"https:\/\/api.w.org\/{rel}","templated":true}]}}