{"id":190,"date":"2022-06-09T09:47:18","date_gmt":"2022-06-09T07:47:18","guid":{"rendered":"https:\/\/www.rechtshilfebuero.de\/wp-page\/?page_id=190"},"modified":"2022-06-09T13:06:21","modified_gmt":"2022-06-09T11:06:21","slug":"strafbefehl","status":"publish","type":"page","link":"https:\/\/www.rechtshilfebuero.de\/wp-page\/strafbefehl\/","title":{"rendered":"Strafbefehl"},"content":{"rendered":"<table border=\"0\" width=\"700\" cellspacing=\"0\" cellpadding=\"0\">\n<tbody>\n<tr>\n<td><span style=\"color: #000066; font-family: Arial, Helvetica, sans-serif; font-size: medium;\">Der Strafbefehl unterscheidet sich von der <a href=\"https:\/\/www.rechtshilfebuero.de\/wp-page\/anklageschrift\/\" rel=\"noopener\">Anklageschrift<\/a> dadurch, da\u00df hier gleich die Strafe mit ausgesprochen wird. Historisch war es gedacht als Angebot an denjenigen, der seine Vergehen einsieht und die Sache ohne \u00f6ffentliche Verhandlung erledigen will. <\/span><\/p>\n<p><span style=\"color: #000066; font-family: Arial, Helvetica, sans-serif; font-size: medium;\">Was ist zu tun?<br \/>\n<b>Als Erstes<\/b>, wenn ihr den Strafbefehl gelesen habt, m\u00fc\u00dft ihr entscheiden, ob ihr den Strafbefehl akzeptieren oder vor Gericht gehen wollt. Wenn ihr f\u00fcr diese Entscheidung l\u00e4nger braucht, empfiehlt es sich, erstmal <a href=\"https:\/\/www.rechtshilfebuero.de\/wp-page\/wp-content\/uploads\/2022\/06\/Einspruch-Strafbefehl.pdf\" target=\"_blank\" rel=\"noopener\">Einspruch<\/a> einzulegen, damit ihr die Frist nicht vers\u00e4umt. Zur\u00fccknehmen k\u00f6nnt ihr den Einspruch immer noch, wenn ihr sp\u00e4ter zu der Entscheidung kommt, dass sich ein Proze\u00df nicht lohnt. Wenn aber erstmal die Frist durch das Nachdenken vers\u00e4umt ist, gibt es in der Regel keine M\u00f6glichkeit mehr, den Proze\u00df zu f\u00fchren. Anders ist es, wenn ihr die Frist unverschuldet vbers\u00e4umt (z.B. weil ihr im Urlaub wart); dann empfielt sich ein <a href=\"https:\/\/www.rechtshilfebuero.de\/wp-page\/fristversaeumnis\/\" rel=\"noopener\">Antrag auf Wiedereinsetzung in den vorherigen Stand<\/a>. <\/span><\/p>\n<p><span style=\"color: #000066; font-family: Arial, Helvetica, sans-serif; font-size: medium;\">Wer den <b>Strafbefehl akzeptieren<\/b> will, macht gar nichts. Einige Zeit sp\u00e4ter kommt dann die Kostenrechnung. Wer schon Einspruch eingelegt hat, zieht diesen durch einfachen Brief wieder zur\u00fcck. <\/span><\/p>\n<p><span style=\"color: #000066; font-family: Arial, Helvetica, sans-serif; font-size: medium;\">Wer den <b>Strafbefehl nicht akzeptieren<\/b> will, mu\u00df innerhalb von 2 Wochen (\u00a7 410 StPO) <a href=\"https:\/\/www.rechtshilfebuero.de\/wp-page\/wp-content\/uploads\/2022\/06\/Einspruch-Strafbefehl.pdf\" target=\"_blank\" rel=\"noopener\">Einspruch<\/a> einlegen. <\/span><\/p>\n<p><span style=\"color: #000066; font-family: Arial, Helvetica, sans-serif; font-size: medium;\">Zur Einhaltung der Frist mu\u00df der Einspruch innerhalb der zwei Wochen bei Gericht eingegangen sein, es gilt also nicht der Poststempel. Die Frist beginnt mit der Zustellung, also wenn der Brief bei Euch im Briefkasten liegt. Wenn ihr erst wieder heimkommt, wenn die Frist vor\u00fcber ist, m\u00fc\u00dft ihr gleichzeitig mit dem Einspruch einen Antrag auf Wiedereinsetzung in den vorherigen Stand stellen. <\/span><\/p>\n<p><span style=\"color: #000066; font-family: Arial, Helvetica, sans-serif; font-size: medium;\">Einspruch sollte auch einlegen, wer sich innerhalb der Frist nicht endg\u00fcltig entscheiden kann. Die R\u00fccknahme des Einspruchs ist bis zur Hauptverhandlung jederzeit m\u00f6glich. Wer aber die Frist vers\u00e4umt hat, nur weil er oder sie sich nicht entscheiden konnte, kann danach keinen Einspruch mehr einlegen (anders nur, wer wegen Urlaub o.\u00e4. Keinen Einspruch einlegen kann; siehe oben). <\/span><\/p>\n<p><span style=\"color: #000066; font-family: Arial, Helvetica, sans-serif; font-size: medium;\">Nach der Einlegung des Einspruchs setzt der Richter einen Termin zur Hauptverhandlung fest <\/span><\/p>\n<p><span style=\"color: #000066; font-family: Arial, Helvetica, sans-serif; font-size: medium;\">Wer den Tatvorwurf zwar akzeptieren, die <b>H\u00f6he der Tagess\u00e4tze<\/b> aber \u00fcbertrieben findet, kann den Einspruch <a href=\"https:\/\/www.rechtshilfebuero.de\/wp-page\/wp-content\/uploads\/2022\/06\/Tagessatzhoehe.pdf\" target=\"_blank\" rel=\"noopener\">auf die H\u00f6he der Tagess\u00e4tze beschr\u00e4nken<\/a>. Dazu ist nachzuweisen, dass das Einkommen geringer ist, als im Strafbefehl gesch\u00e4tzt. \u00dcber diesen Antrag kann das Gericht im schriftlichen Verfahren, also ohne Hauptverhandlung entscheiden, wenn dies beantragt wurde (\u00a7 411 Absatz 1 Satz 3). <\/span><\/td>\n<\/tr>\n<\/tbody>\n<\/table>\n","protected":false},"excerpt":{"rendered":"<p>Der Strafbefehl unterscheidet sich von der Anklageschrift dadurch, da\u00df hier gleich die Strafe mit ausgesprochen wird. Historisch war es gedacht als Angebot an denjenigen, der seine Vergehen einsieht und die Sache ohne \u00f6ffentliche Verhandlung erledigen will. Was ist zu tun? Als Erstes, wenn ihr den Strafbefehl gelesen habt, m\u00fc\u00dft ihr entscheiden, ob ihr den Strafbefehl &hellip; <\/p>\n<p class=\"link-more\"><a href=\"https:\/\/www.rechtshilfebuero.de\/wp-page\/strafbefehl\/\" class=\"more-link\"><span class=\"screen-reader-text\">\u201eStrafbefehl\u201c <\/span>weiterlesen<\/a><\/p>\n","protected":false},"author":1,"featured_media":0,"parent":0,"menu_order":0,"comment_status":"closed","ping_status":"closed","template":"","meta":{"footnotes":""},"class_list":["post-190","page","type-page","status-publish","hentry"],"_links":{"self":[{"href":"https:\/\/www.rechtshilfebuero.de\/wp-page\/wp-json\/wp\/v2\/pages\/190","targetHints":{"allow":["GET"]}}],"collection":[{"href":"https:\/\/www.rechtshilfebuero.de\/wp-page\/wp-json\/wp\/v2\/pages"}],"about":[{"href":"https:\/\/www.rechtshilfebuero.de\/wp-page\/wp-json\/wp\/v2\/types\/page"}],"author":[{"embeddable":true,"href":"https:\/\/www.rechtshilfebuero.de\/wp-page\/wp-json\/wp\/v2\/users\/1"}],"replies":[{"embeddable":true,"href":"https:\/\/www.rechtshilfebuero.de\/wp-page\/wp-json\/wp\/v2\/comments?post=190"}],"version-history":[{"count":7,"href":"https:\/\/www.rechtshilfebuero.de\/wp-page\/wp-json\/wp\/v2\/pages\/190\/revisions"}],"predecessor-version":[{"id":283,"href":"https:\/\/www.rechtshilfebuero.de\/wp-page\/wp-json\/wp\/v2\/pages\/190\/revisions\/283"}],"wp:attachment":[{"href":"https:\/\/www.rechtshilfebuero.de\/wp-page\/wp-json\/wp\/v2\/media?parent=190"}],"curies":[{"name":"wp","href":"https:\/\/api.w.org\/{rel}","templated":true}]}}