{"id":185,"date":"2022-06-09T09:37:42","date_gmt":"2022-06-09T07:37:42","guid":{"rendered":"https:\/\/www.rechtshilfebuero.de\/wp-page\/?page_id=185"},"modified":"2022-06-09T09:37:42","modified_gmt":"2022-06-09T07:37:42","slug":"anklageschrift","status":"publish","type":"page","link":"https:\/\/www.rechtshilfebuero.de\/wp-page\/anklageschrift\/","title":{"rendered":"Anklageschrift"},"content":{"rendered":"<table border=\"0\" width=\"700\" cellspacing=\"0\" cellpadding=\"0\">\n<tbody>\n<tr>\n<td><span style=\"color: #000066; font-family: Arial, Helvetica, sans-serif; font-size: medium;\"><b>Die Anklageschrift teilt Euch mit, was Euch vorgeworfen wird.<\/b> Daher lohnt es sich auf jeden Fall, die Anklageschrift gr\u00fcndlich zu lesen. Reagieren braucht ihr in der Regel erstmal nicht. Es empfiehlt sich aber sp\u00e4testens jetzt Kontakt zu einer Rechtshilfegruppe oder einem Rechtsanwalt aufzunehmen. <\/span><\/p>\n<p><span style=\"color: #000066; font-family: Arial, Helvetica, sans-serif; font-size: medium;\"><b>Aber der Reihe nach:<\/b><br \/>\nDie Anklageschrift beendet das Ermittlungsverfahren und leitet das (gerichtliche) Strafverfahren ein. Zu einer Anklageschrift kommt es deshalb nur, wenn die Staatsanwalschaft meint, genug Beweise zu haben, um bei Gericht eine Verurteilung erreichen zu k\u00f6nnen. In der Anklageschrift wird das Ergebnis des Ermittlungsverfahrens zusammen gefasst. Sie untergliedert sich in<br \/>\n&#8211; <i>den Anklagesatz, aus dem der Straftatbestand hervorgeht, der Dir vorgeworfe wird<\/i><br \/>\n&#8211; <i>die Beweismittelliste<\/i><br \/>\n&#8211; <i>den Sachverhalt, in dem der Vorfall aus Sicht der StA geschildert wird<\/i><br \/>\n&#8211; <i>dem Er\u00f6ffnungsantrag, mit dem die StA die Er\u00f6ffnung des Hauptverfahrens beantragt<\/i> <\/span><\/p>\n<p><span style=\"color: #000066; font-family: Arial, Helvetica, sans-serif; font-size: medium;\">Die Anklageschrift erhaltet ihr mit einem Begleitschreiben des Gerichts, in dem ihr darauf hingewiesen werdet, da\u00df ihr innerhalb von 2 Wochen Einwendungen gegen die Er\u00f6ffnung des Hauptverfahrens vorbringen und Beweiserhebungen beantragen k\u00f6nnt. <\/span><\/p>\n<p><span style=\"color: #000066; font-family: Arial, Helvetica, sans-serif; font-size: medium;\">Das klingt, als m\u00fc\u00dftet ihr jetzt ganz schnell reagieren, weil ihr sonst verloren habt. Dem ist aber nicht so. Alle notwendigen Einwendungen und Beweisantr\u00e4ge k\u00f6nnt ihr auch noch in der Hauptverhandlung einbringen. Wir (und viele Andere) empfehlen dringend, jetzt noch keine Erkl\u00e4rungen zur Tat abzugeben. Denn zum jetzigen Zeitpunkt kennt ihr nur den Vorwurf der Anklageschrift, aber nicht, was Polizei und Staatsanwalschaft alles an Informationen zusammengetragen haben. <\/span><\/p>\n<p><span style=\"color: #000066; font-family: Arial, Helvetica, sans-serif; font-size: medium;\"><b>Deshalb:<\/b><br \/>\n&#8211; <i>Auf dieses Schreiben nicht antworten!<\/i><br \/>\n&#8211; <i>Mit Rechtshilfe oder Rechtsanwalt in Verbindung setzen!<\/i> <\/span><\/td>\n<\/tr>\n<\/tbody>\n<\/table>\n","protected":false},"excerpt":{"rendered":"<p>Die Anklageschrift teilt Euch mit, was Euch vorgeworfen wird. Daher lohnt es sich auf jeden Fall, die Anklageschrift gr\u00fcndlich zu lesen. Reagieren braucht ihr in der Regel erstmal nicht. Es empfiehlt sich aber sp\u00e4testens jetzt Kontakt zu einer Rechtshilfegruppe oder einem Rechtsanwalt aufzunehmen. Aber der Reihe nach: Die Anklageschrift beendet das Ermittlungsverfahren und leitet das &hellip; <\/p>\n<p class=\"link-more\"><a href=\"https:\/\/www.rechtshilfebuero.de\/wp-page\/anklageschrift\/\" class=\"more-link\"><span class=\"screen-reader-text\">\u201eAnklageschrift\u201c <\/span>weiterlesen<\/a><\/p>\n","protected":false},"author":1,"featured_media":0,"parent":0,"menu_order":0,"comment_status":"closed","ping_status":"closed","template":"","meta":{"footnotes":""},"class_list":["post-185","page","type-page","status-publish","hentry"],"_links":{"self":[{"href":"https:\/\/www.rechtshilfebuero.de\/wp-page\/wp-json\/wp\/v2\/pages\/185","targetHints":{"allow":["GET"]}}],"collection":[{"href":"https:\/\/www.rechtshilfebuero.de\/wp-page\/wp-json\/wp\/v2\/pages"}],"about":[{"href":"https:\/\/www.rechtshilfebuero.de\/wp-page\/wp-json\/wp\/v2\/types\/page"}],"author":[{"embeddable":true,"href":"https:\/\/www.rechtshilfebuero.de\/wp-page\/wp-json\/wp\/v2\/users\/1"}],"replies":[{"embeddable":true,"href":"https:\/\/www.rechtshilfebuero.de\/wp-page\/wp-json\/wp\/v2\/comments?post=185"}],"version-history":[{"count":1,"href":"https:\/\/www.rechtshilfebuero.de\/wp-page\/wp-json\/wp\/v2\/pages\/185\/revisions"}],"predecessor-version":[{"id":186,"href":"https:\/\/www.rechtshilfebuero.de\/wp-page\/wp-json\/wp\/v2\/pages\/185\/revisions\/186"}],"wp:attachment":[{"href":"https:\/\/www.rechtshilfebuero.de\/wp-page\/wp-json\/wp\/v2\/media?parent=185"}],"curies":[{"name":"wp","href":"https:\/\/api.w.org\/{rel}","templated":true}]}}